{"id":66,"date":"2026-02-16T18:47:34","date_gmt":"2026-02-16T17:47:34","guid":{"rendered":"https:\/\/justiva.proxweb.pl\/?page_id=66"},"modified":"2026-02-19T20:54:03","modified_gmt":"2026-02-19T19:54:03","slug":"practice-area","status":"publish","type":"page","link":"https:\/\/justiva.proxweb.pl\/?page_id=66","title":{"rendered":"Us\u0142ugi prawne"},"content":{"rendered":"\t\t<div data-elementor-type=\"wp-page\" data-elementor-id=\"66\" class=\"elementor elementor-66\" data-elementor-post-type=\"page\">\n\t\t\t\t\t\t<section data-particle_enable=\"false\" data-particle-mobile-disabled=\"false\" class=\"elementor-section elementor-top-section elementor-element elementor-element-c3b0ef7 elementor-section-boxed elementor-section-height-default elementor-section-height-default\" data-id=\"c3b0ef7\" data-element_type=\"section\" data-e-type=\"section\" data-settings=\"{&quot;background_background&quot;:&quot;classic&quot;}\">\n\t\t\t\t\t\t\t<div class=\"elementor-background-overlay\"><\/div>\n\t\t\t\t\t\t\t<div class=\"elementor-container elementor-column-gap-no\">\n\t\t\t\t\t<div class=\"elementor-column elementor-col-100 elementor-top-column elementor-element elementor-element-3fcbff9 elementor-invisible\" data-id=\"3fcbff9\" data-element_type=\"column\" data-e-type=\"column\" data-settings=\"{&quot;animation&quot;:&quot;fadeIn&quot;}\">\n\t\t\t<div class=\"elementor-widget-wrap elementor-element-populated\">\n\t\t\t\t\t\t<div class=\"elementor-element elementor-element-71fdd81 elementor-widget elementor-widget-image\" data-id=\"71fdd81\" data-element_type=\"widget\" data-e-type=\"widget\" data-widget_type=\"image.default\">\n\t\t\t\t\t\t\t\t\t\t\t\t\t\t\t<img decoding=\"async\" width=\"103\" height=\"94\" src=\"https:\/\/justiva.proxweb.pl\/wp-content\/uploads\/2024\/03\/1206dc7d-lawstice-logo.png\" class=\"attachment-full size-full wp-image-22\" alt=\"\" \/>\t\t\t\t\t\t\t\t\t\t\t\t\t\t\t<\/div>\n\t\t\t\t<div class=\"elementor-element elementor-element-d756532 elementor-widget elementor-widget-heading\" data-id=\"d756532\" data-element_type=\"widget\" data-e-type=\"widget\" data-widget_type=\"heading.default\">\n\t\t\t\t\t<h4 class=\"elementor-heading-title elementor-size-default\">Justiva - Kancelaria Prawna<\/h4>\t\t\t\t<\/div>\n\t\t\t\t<div class=\"elementor-element elementor-element-5ea91fe elementor-icon-list--layout-inline elementor-align-center elementor-list-item-link-full_width elementor-widget elementor-widget-icon-list\" data-id=\"5ea91fe\" data-element_type=\"widget\" data-e-type=\"widget\" data-widget_type=\"icon-list.default\">\n\t\t\t\t\t\t\t<ul class=\"elementor-icon-list-items elementor-inline-items\">\n\t\t\t\t\t\t\t<li class=\"elementor-icon-list-item elementor-inline-item\">\n\t\t\t\t\t\t\t\t\t\t<span class=\"elementor-icon-list-text\">Prawo<\/span>\n\t\t\t\t\t\t\t\t\t<\/li>\n\t\t\t\t\t\t\t\t<li class=\"elementor-icon-list-item elementor-inline-item\">\n\t\t\t\t\t\t\t\t\t\t\t<span class=\"elementor-icon-list-icon\">\n\t\t\t\t\t\t\t<svg aria-hidden=\"true\" class=\"e-font-icon-svg e-far-dot-circle\" viewBox=\"0 0 512 512\" xmlns=\"http:\/\/www.w3.org\/2000\/svg\"><path d=\"M256 56c110.532 0 200 89.451 200 200 0 110.532-89.451 200-200 200-110.532 0-200-89.451-200-200 0-110.532 89.451-200 200-200m0-48C119.033 8 8 119.033 8 256s111.033 248 248 248 248-111.033 248-248S392.967 8 256 8zm0 168c-44.183 0-80 35.817-80 80s35.817 80 80 80 80-35.817 80-80-35.817-80-80-80z\"><\/path><\/svg>\t\t\t\t\t\t<\/span>\n\t\t\t\t\t\t\t\t\t\t<span class=\"elementor-icon-list-text\">Strategia<\/span>\n\t\t\t\t\t\t\t\t\t<\/li>\n\t\t\t\t\t\t\t\t<li class=\"elementor-icon-list-item elementor-inline-item\">\n\t\t\t\t\t\t\t\t\t\t\t<span class=\"elementor-icon-list-icon\">\n\t\t\t\t\t\t\t<svg aria-hidden=\"true\" class=\"e-font-icon-svg e-far-dot-circle\" viewBox=\"0 0 512 512\" xmlns=\"http:\/\/www.w3.org\/2000\/svg\"><path d=\"M256 56c110.532 0 200 89.451 200 200 0 110.532-89.451 200-200 200-110.532 0-200-89.451-200-200 0-110.532 89.451-200 200-200m0-48C119.033 8 8 119.033 8 256s111.033 248 248 248 248-111.033 248-248S392.967 8 256 8zm0 168c-44.183 0-80 35.817-80 80s35.817 80 80 80 80-35.817 80-80-35.817-80-80-80z\"><\/path><\/svg>\t\t\t\t\t\t<\/span>\n\t\t\t\t\t\t\t\t\t\t<span class=\"elementor-icon-list-text\">Rezultaty<\/span>\n\t\t\t\t\t\t\t\t\t<\/li>\n\t\t\t\t\t\t<\/ul>\n\t\t\t\t\t\t<\/div>\n\t\t\t\t<div class=\"elementor-element elementor-element-c7c67e8 elementor-widget elementor-widget-heading\" data-id=\"c7c67e8\" data-element_type=\"widget\" data-e-type=\"widget\" data-widget_type=\"heading.default\">\n\t\t\t\t\t<h2 class=\"elementor-heading-title elementor-size-default\">Kompleksowe us\u0142ugi prawne<\/h2>\t\t\t\t<\/div>\n\t\t\t\t<div class=\"elementor-element elementor-element-314bc39 elementor-align-center elementor-widget elementor-widget-button\" data-id=\"314bc39\" data-element_type=\"widget\" data-e-type=\"widget\" data-widget_type=\"button.default\">\n\t\t\t\t\t\t\t\t\t\t<a class=\"elementor-button elementor-button-link elementor-size-sm\" href=\"https:\/\/justiva.proxweb.pl\/?page_id=77\">\n\t\t\t\t\t\t<span class=\"elementor-button-content-wrapper\">\n\t\t\t\t\t\t\t\t\t<span class=\"elementor-button-text\">Um\u00f3w konsultacj\u0119<\/span>\n\t\t\t\t\t<\/span>\n\t\t\t\t\t<\/a>\n\t\t\t\t\t\t\t\t<\/div>\n\t\t\t\t\t<\/div>\n\t\t<\/div>\n\t\t\t\t\t<\/div>\n\t\t<\/section>\n\t\t\t\t<section data-particle_enable=\"false\" data-particle-mobile-disabled=\"false\" class=\"elementor-section elementor-top-section elementor-element elementor-element-a356c91 elementor-section-boxed elementor-section-height-default elementor-section-height-default\" data-id=\"a356c91\" data-element_type=\"section\" data-e-type=\"section\" data-settings=\"{&quot;background_background&quot;:&quot;classic&quot;}\">\n\t\t\t\t\t\t\t<div class=\"elementor-background-overlay\"><\/div>\n\t\t\t\t\t\t\t<div class=\"elementor-container elementor-column-gap-no\">\n\t\t\t\t\t<div class=\"elementor-column elementor-col-100 elementor-top-column elementor-element elementor-element-c982623\" data-id=\"c982623\" data-element_type=\"column\" data-e-type=\"column\">\n\t\t\t<div class=\"elementor-widget-wrap elementor-element-populated\">\n\t\t\t\t\t\t<div class=\"elementor-element elementor-element-ec7b03c eael-infobox-content-align--left elementor-widget elementor-widget-eael-info-box\" data-id=\"ec7b03c\" data-element_type=\"widget\" data-e-type=\"widget\" data-widget_type=\"eael-info-box.default\">\n\t\t\t\t\t        <div class=\"eael-infobox icon-on-top\">\n\t            <div class=\"infobox-content\">\n                    <div class=\"infobox-title-section\">\n                <h2 class=\"title\">Prawo rodzinne<\/h2>            <\/div>\n            <div><p>Zapewniamy kompleksow\u0105 pomoc prawn\u0105 w sprawach z zakresu prawa rodzinnego, w tym rozwodach, separacjach, podziale maj\u0105tku, alimentach oraz ustalaniu opieki nad dzie\u0107mi. Ka\u017cd\u0105 spraw\u0119 prowadzimy z pe\u0142nym zaanga\u017cowaniem, dbaj\u0105c o bezpiecze\u0144stwo prawne i dobro naszych klient\u00f3w.<\/p><\/div>        <div class=\"infobox-button\">\n            <a class=\"eael-infobox-button\" href=\"#\">\n                                                <span class=\"infobox-button-text\">Zobacz szczeg\u00f3\u0142y spraw<\/span>\n                            <\/a>\n        <\/div>\n            <\/div>\n            <\/div>\n\n\t\t\t\t\t\t<\/div>\n\t\t\t\t<div class=\"elementor-element elementor-element-ccbfdb1 eael-infobox-content-align--left elementor-widget elementor-widget-eael-info-box\" data-id=\"ccbfdb1\" data-element_type=\"widget\" data-e-type=\"widget\" data-widget_type=\"eael-info-box.default\">\n\t\t\t\t\t        <div class=\"eael-infobox icon-on-top\">\n\t            <div class=\"infobox-content\">\n                    <div class=\"infobox-title-section\">\n                <h2 class=\"title\">Prawo karne<\/h2>            <\/div>\n            <div><p>Zapewniamy profesjonaln\u0105 obron\u0119 w sprawach karnych, reprezentuj\u0105c klient\u00f3w na ka\u017cdym etapie post\u0119powania. Oferujemy wsparcie prawne, przygotowanie strategii obrony oraz skuteczn\u0105 reprezentacj\u0119 przed s\u0105dem, dbaj\u0105c o ochron\u0119 praw i interes\u00f3w naszych klient\u00f3w.<\/p><\/div>        <div class=\"infobox-button\">\n            <a class=\"eael-infobox-button\" href=\"#\">\n                                                <span class=\"infobox-button-text\">Zobacz szczeg\u00f3\u0142y spraw<\/span>\n                            <\/a>\n        <\/div>\n            <\/div>\n            <\/div>\n\n\t\t\t\t\t\t<\/div>\n\t\t\t\t<div class=\"elementor-element elementor-element-f4796d6 eael-infobox-content-align--left elementor-widget elementor-widget-eael-info-box\" data-id=\"f4796d6\" data-element_type=\"widget\" data-e-type=\"widget\" data-widget_type=\"eael-info-box.default\">\n\t\t\t\t\t        <div class=\"eael-infobox icon-on-top\">\n\t            <div class=\"infobox-content\">\n                    <div class=\"infobox-title-section\">\n                <h2 class=\"title\">Prawo gospodarcze<\/h2>            <\/div>\n            <div><p>Dbamy o obs\u0142ug\u0119 prawn\u0105 przedsi\u0119biorc\u00f3w i sp\u00f3\u0142ek, obejmuj\u0105c\u0105 doradztwo biznesowe, przygotowanie i opiniowanie um\u00f3w oraz reprezentacj\u0119 w sporach gospodarczych. Wspieramy klient\u00f3w w bezpiecznym prowadzeniu dzia\u0142alno\u015bci i ochronie ich interes\u00f3w prawnych.<\/p><\/div>        <div class=\"infobox-button\">\n            <a class=\"eael-infobox-button\" href=\"#\">\n                                                <span class=\"infobox-button-text\">Zobacz szczeg\u00f3\u0142y spraw<\/span>\n                            <\/a>\n        <\/div>\n            <\/div>\n            <\/div>\n\n\t\t\t\t\t\t<\/div>\n\t\t\t\t<div class=\"elementor-element elementor-element-cff9dc2 eael-infobox-content-align--left elementor-widget elementor-widget-eael-info-box\" data-id=\"cff9dc2\" data-element_type=\"widget\" data-e-type=\"widget\" data-widget_type=\"eael-info-box.default\">\n\t\t\t\t\t        <div class=\"eael-infobox icon-on-top\">\n\t            <div class=\"infobox-content\">\n                    <div class=\"infobox-title-section\">\n                <h2 class=\"title\">Odszkodowania<\/h2>            <\/div>\n            <div><p>Pomagamy w dochodzeniu odszkodowa\u0144 i zado\u015b\u0107uczynie\u0144 za szkody osobowe oraz maj\u0105tkowe. Reprezentujemy klient\u00f3w w negocjacjach i post\u0119powaniach s\u0105dowych, dbaj\u0105c o uzyskanie nale\u017cnych \u015bwiadcze\u0144 i pe\u0142n\u0105 ochron\u0119 ich interes\u00f3w.<\/p><\/div>        <div class=\"infobox-button\">\n            <a class=\"eael-infobox-button\" href=\"#\">\n                                                <span class=\"infobox-button-text\">Zobacz szczeg\u00f3\u0142y spraw<\/span>\n                            <\/a>\n        <\/div>\n            <\/div>\n            <\/div>\n\n\t\t\t\t\t\t<\/div>\n\t\t\t\t\t<\/div>\n\t\t<\/div>\n\t\t\t\t\t<\/div>\n\t\t<\/section>\n\t\t\t\t<\/div>\n\t\t","protected":false},"excerpt":{"rendered":"<p>Justiva &#8211; Kancelaria Prawna Prawo Strategia Rezultaty Kompleksowe us\u0142ugi prawne Um\u00f3w konsultacj\u0119 Prawo rodzinne Zapewniamy kompleksow\u0105 pomoc prawn\u0105 w sprawach z zakresu prawa rodzinnego, w tym rozwodach, separacjach, podziale maj\u0105tku, alimentach oraz ustalaniu opieki nad dzie\u0107mi. Ka\u017cd\u0105 spraw\u0119 prowadzimy z pe\u0142nym zaanga\u017cowaniem, dbaj\u0105c o bezpiecze\u0144stwo prawne i dobro naszych klient\u00f3w. Zobacz szczeg\u00f3\u0142y spraw Prawo karne [&hellip;]<\/p>\n","protected":false},"author":1,"featured_media":0,"parent":0,"menu_order":0,"comment_status":"closed","ping_status":"closed","template":"elementor_header_footer","meta":{"footnotes":""},"class_list":["post-66","page","type-page","status-publish","hentry"],"_links":{"self":[{"href":"https:\/\/justiva.proxweb.pl\/index.php?rest_route=\/wp\/v2\/pages\/66","targetHints":{"allow":["GET"]}}],"collection":[{"href":"https:\/\/justiva.proxweb.pl\/index.php?rest_route=\/wp\/v2\/pages"}],"about":[{"href":"https:\/\/justiva.proxweb.pl\/index.php?rest_route=\/wp\/v2\/types\/page"}],"author":[{"embeddable":true,"href":"https:\/\/justiva.proxweb.pl\/index.php?rest_route=\/wp\/v2\/users\/1"}],"replies":[{"embeddable":true,"href":"https:\/\/justiva.proxweb.pl\/index.php?rest_route=%2Fwp%2Fv2%2Fcomments&post=66"}],"version-history":[{"count":9,"href":"https:\/\/justiva.proxweb.pl\/index.php?rest_route=\/wp\/v2\/pages\/66\/revisions"}],"predecessor-version":[{"id":224,"href":"https:\/\/justiva.proxweb.pl\/index.php?rest_route=\/wp\/v2\/pages\/66\/revisions\/224"}],"wp:attachment":[{"href":"https:\/\/justiva.proxweb.pl\/index.php?rest_route=%2Fwp%2Fv2%2Fmedia&parent=66"}],"curies":[{"name":"wp","href":"https:\/\/api.w.org\/{rel}","templated":true}]}}